{"id":1415,"date":"2018-12-22T07:20:32","date_gmt":"2018-12-22T00:20:32","guid":{"rendered":"https:\/\/new.inoxdaiduong.com\/trang-chu\/"},"modified":"2025-12-27T11:37:32","modified_gmt":"2025-12-27T04:37:32","slug":"trang-chu","status":"publish","type":"page","link":"https:\/\/inoxdaiduong.com\/en\/","title":{"rendered":"Home"},"content":{"rendered":"<div class=\"row row-small row-full-width\"  id=\"row-1561739872\">\n\n\t<div id=\"col-812266314\" class=\"col medium-5 small-12 large-5\"  >\n\t\t<div class=\"col-inner text-shadow-1 dark\"  >\n\t\t\t\n\t\t\t\n\t<div class=\"box has-hover   has-hover box-shade dark box-text-bottom\" >\n\n\t\t<div class=\"box-image\" >\n\t\t\t\t\t\t<div class=\"image-zoom\" >\n\t\t\t\t<img width=\"454\" height=\"363\" src=\"https:\/\/inoxdaiduong.com\/wp-content\/uploads\/2021\/07\/image-gioi-thieu-home-454x363-1.jpg\" class=\"attachment-original size-original\" alt=\"Stainless Steel Dai Duong Vietnamese high quality products \u2013 European Standard\" srcset=\"https:\/\/inoxdaiduong.com\/wp-content\/uploads\/2021\/07\/image-gioi-thieu-home-454x363-1.jpg 454w, https:\/\/inoxdaiduong.com\/wp-content\/uploads\/2021\/07\/image-gioi-thieu-home-454x363-1-220x176.jpg 220w\" sizes=\"(max-width: 454px) 100vw, 454px\" \/>\t\t\t\t\t\t\t\t<div class=\"shade\"><\/div>\t\t\t<\/div>\n\t\t\t\t\t<\/div>\n\n\t\t<div class=\"box-text text-center\" >\n\t\t\t<div class=\"box-text-inner\">\n\t\t\t\t\n<h1>\nStainless Steel Dai Duong<\/h1>\n<p>Vietnamese high quality products &#8211; European Standard<\/p>\n\t\t\t<\/div>\n\t\t<\/div>\n\t<\/div>\n\t\n\t\t<\/div>\n\t\t\t<\/div>\n\n\t\n\n\t<div id=\"col-191524837\" class=\"col medium-7 small-12 large-7\"  >\n\t\t<div class=\"col-inner text-left\"  >\n\t\t\t\n\t\t\t\n<div class=\"container section-title-container\" style=\"margin-bottom:0px;\"><div id=\"toc_container\" class=\"no_bullets\"><p class=\"toc_title\">N\u1ed9i dung ch&iacute;nh<\/p><ul class=\"toc_list\"><li><a href=\"#History_Of_Formation_And_Development\">History Of Formation And Development<\/a><ul><li><a href=\"#Products\">Products<\/a><\/li><li><a href=\"#Achievements_-_Awards\">Achievements - Awards<\/a><\/li><li><a href=\"#News\">News<\/a><\/li><\/ul><\/li><\/ul><\/div>\n<h2 class=\"section-title section-title-normal\"><span id=\"History_Of_Formation_And_Development\"><b><\/b><span class=\"section-title-main\" >History Of Formation And Development<\/span><b><\/b><\/span><\/h2><\/div>\n<p data-start=\"141\" data-end=\"668\"><strong data-start=\"141\" data-end=\"150\">2009: <\/strong>Establishment of OSS Dai Duong International Joint Stock Company and construction of a stainless steel pipe manufacturing mill in Duc Hoa, Long An. The mill produces stainless steel pipes in grades 304, 201, and 430 with a capacity of 15,000 tons per year, as well as solid round stainless steel bars with a capacity of 2,000 tons per year. Products are used in construction, decoration, and household applications, serving both the domestic market and export activities.<\/p>\r\n<p data-start=\"670\" data-end=\"1180\"><strong data-start=\"670\" data-end=\"679\">2021: <\/strong>Marking a 20-year milestone, OSS Dai Duong continues to expand by investing in the construction of its second factory: a stainless steel coil manufacturing mill in Phu My \u2013 Ba Ria Vung Tau, with a capacity of 80,000 tons of steel coils per year. The mill aims to supply raw materials for the Duc Hoa stainless steel pipe mill and provide cold-rolled stainless steel coils to the domestic and export markets, including steel grades 316, 306, 201, 430, 410, and others.<\/p>\n\t\t<\/div>\n\t\t\t<\/div>\n\n\t\n<\/div>\n<div class=\"container section-title-container\" style=\"margin-bottom:0px;\"><h3 class=\"section-title section-title-center\"><span id=\"Products\"><b><\/b><span class=\"section-title-main\" >Products<\/span><b><\/b><\/span><\/h3><\/div>\n<div class=\"row row-collapse row-full-width\"  id=\"row-1700628232\">\n\n\t<div id=\"col-227083862\" class=\"col small-12 large-12\"  >\n\t\t<div class=\"col-inner text-left\"  >\n\t\t\t\n\t\t\t\n<span style=\"font-family: arial, helvetica, sans-serif; font-size: 100%;\">The main products of OSS Dai Duong stainless steel pipe mill are stainless steel round bar, round, square and rectangular pipes in grade 201, 304, 430 which are manufactured and operated according to ISO 9001:2015. They are certified compliant with Europe Standard EN10217-7, approved by The European Committee for Standardization (CEN), and also certified compliant with ASTM A554 standard by ASTM International - American Society for Testing and Materials, as well as certified compliant with JIS standard. Additionally, OSS Dai Duong has received many certifications, especially Top 10 Strong Brand of Vietnam...<\/span>\r\n\r\n<span style=\"font-family: arial, helvetica, sans-serif; font-size: 100%;\">Stainless Steel Cold-rolled Coils in grade 316, 306, 201, 430, 410,\u2026 are main products of Phu My Stainless Steel Cold-rolled Coils Mill.<\/span>\n\n  \n    <div class=\"row large-columns-4 medium-columns-2 small-columns-1 row-small slider row-slider slider-nav-simple\"  data-flickity-options='{\"imagesLoaded\": true, \"groupCells\": \"100%\", \"dragThreshold\" : 5, \"cellAlign\": \"left\",\"wrapAround\": true,\"prevNextButtons\": true,\"percentPosition\": true,\"pageDots\": false, \"rightToLeft\": false, \"autoPlay\" : 6000}'>\n\n  \t<\/div>\n\t\t<\/div>\n\t\t\n<style>\n#col-227083862 > .col-inner {\n  padding: 20px 20px 0px 20px;\n}\n<\/style>\n\t<\/div>\n\n\t\n\n<style>\n#row-1700628232 > .col > .col-inner {\n  background-color: rgb(240, 240, 240);\n}\n<\/style>\n<\/div>\n<div class=\"container section-title-container\" style=\"margin-bottom:0px;\"><h3 class=\"section-title section-title-center\"><span id=\"Achievements_-_Awards\"><b><\/b><span class=\"section-title-main\" >Achievements - Awards<\/span><b><\/b><\/span><\/h3><\/div>\n<span style=\"font-size: 14.4px;\"><div class=\"slider-wrapper relative\" id=\"slider-749672293\" >\n    <div class=\"slider slider-nav-simple slider-nav-large slider-nav-dark slider-style-normal slider-show-nav\"\n        data-flickity-options='{\n            \"cellAlign\": \"left\",\n            \"imagesLoaded\": true,\n            \"lazyLoad\": 1,\n            \"freeScroll\": true,\n            \"wrapAround\": true,\n            \"autoPlay\": 2000,\n            \"pauseAutoPlayOnHover\" : true,\n            \"prevNextButtons\": true,\n            \"contain\" : true,\n            \"adaptiveHeight\" : true,\n            \"dragThreshold\" : 10,\n            \"percentPosition\": true,\n            \"pageDots\": false,\n            \"rightToLeft\": false,\n            \"draggable\": true,\n            \"selectedAttraction\": 0.1,\n            \"parallax\" : 0,\n            \"friction\": 0.6        }'\n        >\n        <\/span>\r\n\r\n<div class=\"ux-logo has-hover align-middle ux_logo inline-block\" style=\"max-width: 100%!important; width: 296px!important\"><a class=\"ux-logo-link block image-glow\" title=\"\"  href=\"https:\/\/inoxdaiduong.com\/en\/achievements-awards\/\" style=\"padding: 15px;\"><img src=\"https:\/\/inoxdaiduong.com\/wp-content\/uploads\/2021\/07\/chung-nhan-quacert-ASTM-A-554-15-2021.jpg\" title=\"\" alt=\"\" class=\"ux-logo-image block\" style=\"height:89px;\" \/><\/a><\/div>\r\n\r\n<div class=\"ux-logo has-hover align-middle ux_logo inline-block\" style=\"max-width: 100%!important; width: 296px!important\"><a class=\"ux-logo-link block image-glow\" title=\"\"  href=\"https:\/\/inoxdaiduong.com\/en\/achievements-awards\/\" style=\"padding: 15px;\"><img src=\"https:\/\/inoxdaiduong.com\/wp-content\/uploads\/2021\/07\/chung-nhan-quacert-BS-EN-10217-7-2014-2021.jpg\" title=\"\" alt=\"\" class=\"ux-logo-image block\" style=\"height:89px;\" \/><\/a><\/div>\r\n\r\n<div class=\"ux-logo has-hover align-middle ux_logo inline-block\" style=\"max-width: 100%!important; width: 296px!important\"><a class=\"ux-logo-link block image-glow\" title=\"\"  href=\"https:\/\/inoxdaiduong.com\/en\/achievements-awards\/\" style=\"padding: 15px;\"><img src=\"https:\/\/inoxdaiduong.com\/wp-content\/uploads\/2021\/07\/chung-nhan-quacert-JIS-G-3459-2016-2021.jpg\" title=\"\" alt=\"\" class=\"ux-logo-image block\" style=\"height:89px;\" \/><\/a><\/div>\r\n\r\n<div class=\"ux-logo has-hover align-middle ux_logo inline-block\" style=\"max-width: 100%!important; width: 296px!important\"><a class=\"ux-logo-link block image-glow\" title=\"\"  href=\"https:\/\/inoxdaiduong.com\/en\/achievements-awards\/\" style=\"padding: 15px;\"><img src=\"https:\/\/inoxdaiduong.com\/wp-content\/uploads\/2021\/07\/ong-inox-dai-duong-thuong-hieu-manh-dat-viet-2018-2021.jpg\" title=\"\" alt=\"\" class=\"ux-logo-image block\" style=\"height:89px;\" \/><\/a><\/div>\r\n\r\n     <\/div>\n\n     <div class=\"loading-spin dark large centered\"><\/div>\n\n     <\/div>\n\n\n<div class=\"container section-title-container\" style=\"margin-bottom:0px;\"><h3 class=\"section-title section-title-center\"><span id=\"News\"><b><\/b><span class=\"section-title-main\" >News<\/span><b><\/b><\/span><\/h3><\/div>\n<div class=\"row row-collapse row-full-width\"  id=\"row-1476005754\">\n\n\t<div id=\"col-1013622060\" class=\"col medium-12 small-12 large-7\"  >\n\t\t<div class=\"col-inner text-left\" style=\"background-color:rgb(240, 240, 240);\" >\n\t\t\t\n\t\t\t\n\n  <div class=\"banner has-hover\" id=\"banner-354209081\">\n          <div class=\"banner-inner fill\">\n        <div class=\"banner-bg fill\" >\n            <div class=\"bg fill bg-fill bg-loaded\"><\/div>\n                                    \n                    <\/div>\n        <div class=\"banner-layers container\">\n            <div class=\"fill banner-link\"><\/div>            \n\n   <div id=\"text-box-648460186\" class=\"text-box banner-layer x60 md-x60 lg-x60 y60 md-y60 lg-y60 res-text\">\n                     <div data-animate=\"bounceInUp\">           <div class=\"text dark\">\n              \n              <div class=\"text-inner text-center\">\n                  \n\n<div class=\"video-button-wrapper\" style=\"font-size:150%\"><a href=\"https:\/\/www.youtube.com\/watch?v=FrgnhIAccvg\" class=\"button open-video icon circle is-outline is-xlarge\"><i class=\"icon-play\" style=\"font-size:1.5em;\"><\/i><\/a><\/div>\n\n\n              <\/div>\n           <\/div>\n       <\/div>                     \n<style>\n#text-box-648460186 {\n  width: 10%;\n}\n#text-box-648460186 .text {\n  font-size: 100%;\n}\n<\/style>\n    <\/div>\n \n\n        <\/div>\n      <\/div>\n\n            \n<style>\n#banner-354209081 {\n  padding-top: 338px;\n}\n#banner-354209081 .bg.bg-loaded {\n  background-image: url(https:\/\/inoxdaiduong.com\/wp-content\/uploads\/2018\/12\/bang-tin-tai-chinh-kinh-doanh-10-05-2015.jpg);\n}\n<\/style>\n  <\/div>\n\n\n\t\t<\/div>\n\t\t\n<style>\n#col-1013622060 > .col-inner {\n  padding: 10px 0px 27px 0px;\n}\n<\/style>\n\t<\/div>\n\n\t\n\n\t<div id=\"col-2025381373\" class=\"col medium-12 small-12 large-5\"  >\n\t\t<div class=\"col-inner\" style=\"background-color:rgb(240, 240, 240);\" >\n\t\t\t\n\t\t\t\n\n  \n    <div class=\"row large-columns-2 medium-columns-4 small-columns-2 row-small\">\n  \t\t<div class=\"col post-item\" >\n\t\t\t<div class=\"col-inner\">\n\t\t\t<a href=\"https:\/\/inoxdaiduong.com\/en\/why-stainless-steel-is-a-popular-choice-for-food-service\/\" class=\"plain\">\n\t\t\t\t<div class=\"box box-shade dark box-text-middle box-blog-post has-hover\">\n            \t\t\t\t\t<div class=\"box-image\" >\n  \t\t\t\t\t\t<div class=\"image-zoom image-overlay-remove image-cover\" style=\"padding-top:75%;\">\n  \t\t\t\t\t\t\t<img width=\"570\" height=\"538\" src=\"https:\/\/inoxdaiduong.com\/wp-content\/uploads\/2024\/07\/vn-570x538.jpg\" class=\"attachment-medium size-medium wp-post-image\" alt=\"\" srcset=\"https:\/\/inoxdaiduong.com\/wp-content\/uploads\/2024\/07\/vn-570x538.jpg 570w, https:\/\/inoxdaiduong.com\/wp-content\/uploads\/2024\/07\/vn-220x208.jpg 220w, https:\/\/inoxdaiduong.com\/wp-content\/uploads\/2024\/07\/vn-476x449.jpg 476w, https:\/\/inoxdaiduong.com\/wp-content\/uploads\/2024\/07\/vn.jpg 748w\" sizes=\"(max-width: 570px) 100vw, 570px\" \/>  \t\t\t\t\t\t\t<div class=\"overlay\" style=\"background-color: rgba(76, 76, 76, 0.32)\"><\/div>  \t\t\t\t\t\t\t<div class=\"shade\"><\/div>  \t\t\t\t\t\t<\/div>\n  \t\t\t\t\t\t  \t\t\t\t\t<\/div>\n          \t\t\t\t\t<div class=\"box-text text-center is-xsmall\" >\n\t\t\t\t\t<div class=\"box-text-inner blog-post-inner\">\n\n\t\t\t\t\t\n\t\t\t\t\t\t\t\t\t\t<h5 class=\"post-title is-large \">Why Stainless Steel is a Popular Choice for Food Service ?<\/h5>\n\t\t\t\t\t\t\t\t\t\t<div class=\"is-divider\"><\/div>\n\t\t\t\t\t                    \n\t\t\t\t\t\n\t\t\t\t\t\n\t\t\t\t\t<\/div>\n\t\t\t\t\t<\/div>\n\t\t\t\t\t\t\t\t\t<\/div>\n\t\t\t\t<\/a>\n\t\t\t<\/div>\n\t\t<\/div>\n\t\t<div class=\"col post-item\" >\n\t\t\t<div class=\"col-inner\">\n\t\t\t<a href=\"https:\/\/inoxdaiduong.com\/en\/what-is-metal-annealing-and-how-does-it-works\/\" class=\"plain\">\n\t\t\t\t<div class=\"box box-shade dark box-text-middle box-blog-post has-hover\">\n            \t\t\t\t\t<div class=\"box-image\" >\n  \t\t\t\t\t\t<div class=\"image-zoom image-overlay-remove image-cover\" style=\"padding-top:75%;\">\n  \t\t\t\t\t\t\t<img width=\"570\" height=\"379\" src=\"https:\/\/inoxdaiduong.com\/wp-content\/uploads\/2024\/06\/phuong-phap-u-570x379.jpg\" class=\"attachment-medium size-medium wp-post-image\" alt=\"\u1ee7 kim lo\u1ea1i\" srcset=\"https:\/\/inoxdaiduong.com\/wp-content\/uploads\/2024\/06\/phuong-phap-u-570x379.jpg 570w, https:\/\/inoxdaiduong.com\/wp-content\/uploads\/2024\/06\/phuong-phap-u-220x146.jpg 220w, https:\/\/inoxdaiduong.com\/wp-content\/uploads\/2024\/06\/phuong-phap-u-476x317.jpg 476w, https:\/\/inoxdaiduong.com\/wp-content\/uploads\/2024\/06\/phuong-phap-u.jpg 768w\" sizes=\"(max-width: 570px) 100vw, 570px\" \/>  \t\t\t\t\t\t\t<div class=\"overlay\" style=\"background-color: rgba(76, 76, 76, 0.32)\"><\/div>  \t\t\t\t\t\t\t<div class=\"shade\"><\/div>  \t\t\t\t\t\t<\/div>\n  \t\t\t\t\t\t  \t\t\t\t\t<\/div>\n          \t\t\t\t\t<div class=\"box-text text-center is-xsmall\" >\n\t\t\t\t\t<div class=\"box-text-inner blog-post-inner\">\n\n\t\t\t\t\t\n\t\t\t\t\t\t\t\t\t\t<h5 class=\"post-title is-large \">What is Metal Annealing and How Does It Works?<\/h5>\n\t\t\t\t\t\t\t\t\t\t<div class=\"is-divider\"><\/div>\n\t\t\t\t\t                    \n\t\t\t\t\t\n\t\t\t\t\t\n\t\t\t\t\t<\/div>\n\t\t\t\t\t<\/div>\n\t\t\t\t\t\t\t\t\t<\/div>\n\t\t\t\t<\/a>\n\t\t\t<\/div>\n\t\t<\/div>\n\t\t<div class=\"col post-item\" >\n\t\t\t<div class=\"col-inner\">\n\t\t\t<a href=\"https:\/\/inoxdaiduong.com\/en\/what-is-the-difference-between-316l-stainless-steel-and-titanium\/\" class=\"plain\">\n\t\t\t\t<div class=\"box box-shade dark box-text-middle box-blog-post has-hover\">\n            \t\t\t\t\t<div class=\"box-image\" >\n  \t\t\t\t\t\t<div class=\"image-zoom image-overlay-remove image-cover\" style=\"padding-top:75%;\">\n  \t\t\t\t\t\t\t<img width=\"570\" height=\"373\" src=\"https:\/\/inoxdaiduong.com\/wp-content\/uploads\/2023\/11\/316-titan-570x373.jpg\" class=\"attachment-medium size-medium wp-post-image\" alt=\"S\u1ef1 kh\u00e1c bi\u1ec7t Th\u00e9p kh\u00f4ng g\u1ec9 316l v\u00e0 Titan l\u00e0 g\u00ec ?\" srcset=\"https:\/\/inoxdaiduong.com\/wp-content\/uploads\/2023\/11\/316-titan-570x373.jpg 570w, https:\/\/inoxdaiduong.com\/wp-content\/uploads\/2023\/11\/316-titan-220x144.jpg 220w, https:\/\/inoxdaiduong.com\/wp-content\/uploads\/2023\/11\/316-titan-476x311.jpg 476w, https:\/\/inoxdaiduong.com\/wp-content\/uploads\/2023\/11\/316-titan.jpg 624w\" sizes=\"(max-width: 570px) 100vw, 570px\" \/>  \t\t\t\t\t\t\t<div class=\"overlay\" style=\"background-color: rgba(76, 76, 76, 0.32)\"><\/div>  \t\t\t\t\t\t\t<div class=\"shade\"><\/div>  \t\t\t\t\t\t<\/div>\n  \t\t\t\t\t\t  \t\t\t\t\t<\/div>\n          \t\t\t\t\t<div class=\"box-text text-center is-xsmall\" >\n\t\t\t\t\t<div class=\"box-text-inner blog-post-inner\">\n\n\t\t\t\t\t\n\t\t\t\t\t\t\t\t\t\t<h5 class=\"post-title is-large \">What is the difference between 316L Stainless Steel and Titanium?<\/h5>\n\t\t\t\t\t\t\t\t\t\t<div class=\"is-divider\"><\/div>\n\t\t\t\t\t                    \n\t\t\t\t\t\n\t\t\t\t\t\n\t\t\t\t\t<\/div>\n\t\t\t\t\t<\/div>\n\t\t\t\t\t\t\t\t\t<\/div>\n\t\t\t\t<\/a>\n\t\t\t<\/div>\n\t\t<\/div>\n\t\t<div class=\"col post-item\" >\n\t\t\t<div class=\"col-inner\">\n\t\t\t<a href=\"https:\/\/inoxdaiduong.com\/en\/composition-properties-and-application-chrome-vanadium-steel\/\" class=\"plain\">\n\t\t\t\t<div class=\"box box-shade dark box-text-middle box-blog-post has-hover\">\n            \t\t\t\t\t<div class=\"box-image\" >\n  \t\t\t\t\t\t<div class=\"image-zoom image-overlay-remove image-cover\" style=\"padding-top:75%;\">\n  \t\t\t\t\t\t\t<img width=\"570\" height=\"378\" src=\"https:\/\/inoxdaiduong.com\/wp-content\/uploads\/2023\/10\/Thep-Crom-Vanadi-570x378.jpg\" class=\"attachment-medium size-medium wp-post-image\" alt=\"Th\u00e9p Crom Vanadi\" srcset=\"https:\/\/inoxdaiduong.com\/wp-content\/uploads\/2023\/10\/Thep-Crom-Vanadi-570x378.jpg 570w, https:\/\/inoxdaiduong.com\/wp-content\/uploads\/2023\/10\/Thep-Crom-Vanadi-830x551.jpg 830w, https:\/\/inoxdaiduong.com\/wp-content\/uploads\/2023\/10\/Thep-Crom-Vanadi-220x146.jpg 220w, https:\/\/inoxdaiduong.com\/wp-content\/uploads\/2023\/10\/Thep-Crom-Vanadi-768x510.jpg 768w, https:\/\/inoxdaiduong.com\/wp-content\/uploads\/2023\/10\/Thep-Crom-Vanadi-476x316.jpg 476w, https:\/\/inoxdaiduong.com\/wp-content\/uploads\/2023\/10\/Thep-Crom-Vanadi.jpg 1500w\" sizes=\"(max-width: 570px) 100vw, 570px\" \/>  \t\t\t\t\t\t\t<div class=\"overlay\" style=\"background-color: rgba(76, 76, 76, 0.32)\"><\/div>  \t\t\t\t\t\t\t<div class=\"shade\"><\/div>  \t\t\t\t\t\t<\/div>\n  \t\t\t\t\t\t  \t\t\t\t\t<\/div>\n          \t\t\t\t\t<div class=\"box-text text-center is-xsmall\" >\n\t\t\t\t\t<div class=\"box-text-inner blog-post-inner\">\n\n\t\t\t\t\t\n\t\t\t\t\t\t\t\t\t\t<h5 class=\"post-title is-large \">Composition, Properties and Application &#8211; Chrome Vanadium Steel<\/h5>\n\t\t\t\t\t\t\t\t\t\t<div class=\"is-divider\"><\/div>\n\t\t\t\t\t                    \n\t\t\t\t\t\n\t\t\t\t\t\n\t\t\t\t\t<\/div>\n\t\t\t\t\t<\/div>\n\t\t\t\t\t\t\t\t\t<\/div>\n\t\t\t\t<\/a>\n\t\t\t<\/div>\n\t\t<\/div>\n<\/div>\n\t\t<\/div>\n\t\t\n<style>\n#col-2025381373 > .col-inner {\n  padding: 15px 15px 0px 15px;\n}\n<\/style>\n\t<\/div>\n\n\t\n<\/div>\n","protected":false},"excerpt":{"rendered":"","protected":false},"author":1,"featured_media":4258,"parent":0,"menu_order":0,"comment_status":"closed","ping_status":"closed","template":"","meta":[],"yoast_head":"<!-- This site is optimized with the Yoast SEO Premium plugin v15.5 - https:\/\/yoast.com\/wordpress\/plugins\/seo\/ -->\n<title>Stainless Steel Production Plant | Dai Duong<\/title>\n<meta name=\"description\" content=\"Inox \u0110\u1ea1i D\u01b0\u01a1ng l\u00e0 t\u1eadp \u0111o\u00e0n h\u00e0ng \u0111\u1ea7u v\u1ec1 th\u00e9p kh\u00f4ng g\u1ec9. S\u1ea3n ph\u1ea9m \u1ed1ng inox \u0111\u00e3 \u0111\u01b0\u1ee3c kh\u1eb3ng \u0111\u1ecbnh l\u00e0 s\u1ea3n ph\u1ea9m h\u00e0ng \u0111\u1ea7u c\u1ee7a th\u1ecb tr\u01b0\u1eddng mua b\u00e1n inox\" \/>\n<meta name=\"robots\" content=\"index, follow, max-snippet:-1, max-image-preview:large, max-video-preview:-1\" \/>\n<link rel=\"canonical\" href=\"https:\/\/inoxdaiduong.com\/en\/\" \/>\n<meta property=\"og:locale\" content=\"en_US\" \/>\n<meta property=\"og:type\" content=\"article\" \/>\n<meta property=\"og:title\" content=\"Stainless Steel Production Plant | Dai Duong\" \/>\n<meta property=\"og:description\" content=\"Inox \u0110\u1ea1i D\u01b0\u01a1ng l\u00e0 t\u1eadp \u0111o\u00e0n h\u00e0ng \u0111\u1ea7u v\u1ec1 th\u00e9p kh\u00f4ng g\u1ec9. S\u1ea3n ph\u1ea9m \u1ed1ng inox \u0111\u00e3 \u0111\u01b0\u1ee3c kh\u1eb3ng \u0111\u1ecbnh l\u00e0 s\u1ea3n ph\u1ea9m h\u00e0ng \u0111\u1ea7u c\u1ee7a th\u1ecb tr\u01b0\u1eddng mua b\u00e1n inox\" \/>\n<meta property=\"og:url\" content=\"https:\/\/inoxdaiduong.com\/en\/\" \/>\n<meta property=\"og:site_name\" content=\"Dai Duong\" \/>\n<meta property=\"article:publisher\" content=\"https:\/\/www.facebook.com\/DaiDuongOss\/\" \/>\n<meta property=\"article:modified_time\" content=\"2025-12-27T04:37:32+00:00\" \/>\n<meta property=\"og:image\" content=\"https:\/\/inoxdaiduong.com\/wp-content\/uploads\/2019\/08\/ong-inox-dai-duong.jpg\" \/>\n\t<meta property=\"og:image:width\" content=\"1080\" \/>\n\t<meta property=\"og:image:height\" content=\"704\" \/>\n<meta name=\"twitter:card\" content=\"summary_large_image\" \/>\n<meta name=\"twitter:site\" content=\"@Inox_DaiDuong\" \/>\n<meta name=\"twitter:label1\" content=\"Est. reading time\">\n\t<meta name=\"twitter:data1\" content=\"1 minute\">\n<script type=\"application\/ld+json\" class=\"yoast-schema-graph\">{\"@context\":\"https:\/\/schema.org\",\"@graph\":[{\"@type\":\"Organization\",\"@id\":\"https:\/\/inoxdaiduong.com\/#organization\",\"name\":\"Dai Duong\",\"url\":\"https:\/\/inoxdaiduong.com\/\",\"sameAs\":[\"https:\/\/www.facebook.com\/DaiDuongOss\/\",\"https:\/\/www.linkedin.com\/company\/inox-dai-duong\/\",\"https:\/\/www.youtube.com\/channel\/UCx5OZ2GRFLj4NSHrfNxSABA\",\"https:\/\/www.pinterest.com\/inoxdaiduong\/\",\"https:\/\/twitter.com\/Inox_DaiDuong\"],\"logo\":{\"@type\":\"ImageObject\",\"@id\":\"https:\/\/inoxdaiduong.com\/#logo\",\"inLanguage\":\"en-US\",\"url\":\"https:\/\/inoxdaiduong.com\/wp-content\/uploads\/2021\/07\/Avatar-Dai-Duong-2021.png\",\"width\":2048,\"height\":2048,\"caption\":\"Dai Duong\"},\"image\":{\"@id\":\"https:\/\/inoxdaiduong.com\/#logo\"}},{\"@type\":\"WebSite\",\"@id\":\"https:\/\/inoxdaiduong.com\/#website\",\"url\":\"https:\/\/inoxdaiduong.com\/\",\"name\":\"Dai Duong\",\"description\":\"Gi\\u1eef Tr\\u1ecdn Ni\\u1ec1m Tin - V\\u01b0\\u01a1n M\\u00ecnh T\\u1ecfa S\\u00e1ng\",\"publisher\":{\"@id\":\"https:\/\/inoxdaiduong.com\/#organization\"},\"potentialAction\":[{\"@type\":\"SearchAction\",\"target\":\"https:\/\/inoxdaiduong.com\/?s={search_term_string}\",\"query-input\":\"required name=search_term_string\"}],\"inLanguage\":\"en-US\"},{\"@type\":\"ImageObject\",\"@id\":\"https:\/\/inoxdaiduong.com\/en\/#primaryimage\",\"inLanguage\":\"en-US\",\"url\":\"https:\/\/inoxdaiduong.com\/wp-content\/uploads\/2019\/08\/ong-inox-dai-duong.jpg\",\"width\":1080,\"height\":704,\"caption\":\"\\u1ed1ng inox \\u0111\\u1ea1i d\\u01b0\\u01a1ng\"},{\"@type\":\"WebPage\",\"@id\":\"https:\/\/inoxdaiduong.com\/en\/#webpage\",\"url\":\"https:\/\/inoxdaiduong.com\/en\/\",\"name\":\"Stainless Steel Production Plant | Dai Duong\",\"isPartOf\":{\"@id\":\"https:\/\/inoxdaiduong.com\/#website\"},\"primaryImageOfPage\":{\"@id\":\"https:\/\/inoxdaiduong.com\/en\/#primaryimage\"},\"datePublished\":\"2018-12-22T00:20:32+00:00\",\"dateModified\":\"2025-12-27T04:37:32+00:00\",\"description\":\"Inox \\u0110\\u1ea1i D\\u01b0\\u01a1ng l\\u00e0 t\\u1eadp \\u0111o\\u00e0n h\\u00e0ng \\u0111\\u1ea7u v\\u1ec1 th\\u00e9p kh\\u00f4ng g\\u1ec9. S\\u1ea3n ph\\u1ea9m \\u1ed1ng inox \\u0111\\u00e3 \\u0111\\u01b0\\u1ee3c kh\\u1eb3ng \\u0111\\u1ecbnh l\\u00e0 s\\u1ea3n ph\\u1ea9m h\\u00e0ng \\u0111\\u1ea7u c\\u1ee7a th\\u1ecb tr\\u01b0\\u1eddng mua b\\u00e1n inox\",\"breadcrumb\":{\"@id\":\"https:\/\/inoxdaiduong.com\/en\/#breadcrumb\"},\"inLanguage\":\"en-US\",\"potentialAction\":[{\"@type\":\"ReadAction\",\"target\":[\"https:\/\/inoxdaiduong.com\/en\/\"]}]},{\"@type\":\"BreadcrumbList\",\"@id\":\"https:\/\/inoxdaiduong.com\/en\/#breadcrumb\",\"itemListElement\":[{\"@type\":\"ListItem\",\"position\":1,\"item\":{\"@type\":\"WebPage\",\"@id\":\"https:\/\/inoxdaiduong.com\/en\/\",\"url\":\"https:\/\/inoxdaiduong.com\/en\/\",\"name\":\"Dai Duong\"}},{\"@type\":\"ListItem\",\"position\":2,\"item\":{\"@type\":\"WebPage\",\"@id\":\"https:\/\/inoxdaiduong.com\/en\/\",\"url\":\"https:\/\/inoxdaiduong.com\/en\/\",\"name\":\"Home\"}}]}]}<\/script>\n<!-- \/ Yoast SEO Premium plugin. -->","_links":{"self":[{"href":"https:\/\/inoxdaiduong.com\/en\/wp-json\/wp\/v2\/pages\/1415"}],"collection":[{"href":"https:\/\/inoxdaiduong.com\/en\/wp-json\/wp\/v2\/pages"}],"about":[{"href":"https:\/\/inoxdaiduong.com\/en\/wp-json\/wp\/v2\/types\/page"}],"author":[{"embeddable":true,"href":"https:\/\/inoxdaiduong.com\/en\/wp-json\/wp\/v2\/users\/1"}],"replies":[{"embeddable":true,"href":"https:\/\/inoxdaiduong.com\/en\/wp-json\/wp\/v2\/comments?post=1415"}],"version-history":[{"count":0,"href":"https:\/\/inoxdaiduong.com\/en\/wp-json\/wp\/v2\/pages\/1415\/revisions"}],"wp:featuredmedia":[{"embeddable":true,"href":"https:\/\/inoxdaiduong.com\/en\/wp-json\/wp\/v2\/media\/4258"}],"wp:attachment":[{"href":"https:\/\/inoxdaiduong.com\/en\/wp-json\/wp\/v2\/media?parent=1415"}],"curies":[{"name":"wp","href":"https:\/\/api.w.org\/{rel}","templated":true}]}}